{"id":117,"date":"2021-04-13T11:42:29","date_gmt":"2021-04-13T11:42:29","guid":{"rendered":"http:\/\/www.jp-atelier.cz\/?page_id=117"},"modified":"2023-09-07T11:36:43","modified_gmt":"2023-09-07T11:36:43","slug":"bio","status":"publish","type":"page","link":"https:\/\/www.jp-atelier.cz\/index.php\/bio\/","title":{"rendered":"bio"},"content":{"rendered":"\n<p><strong>Ji\u0159\u00ed Prokop<\/strong>, narozen roku 1973 na Ji\u017en\u00ed Morav\u011b, kde jej od d\u011btstv\u00ed prov\u00e1zela chu\u0165 tvo\u0159it, kreslit a pozd\u011bji i malovat. Od roku 1998 \u017eije v Praze, kde se malov\u00e1n\u00ed v\u011bnuje aktivn\u011b. Je to autodidakt, kter\u00fd si sv\u00e9 dovednosti osvojil neust\u00e1l\u00fdm pozorov\u00e1n\u00edm mistrovsk\u00fdch d\u011bl v galeri\u00edch a n\u00e1sledn\u00e9 zkou\u0161en\u00ed r\u016fzn\u00fdch technik u sebe v ateli\u00e9ru. Ke sv\u00e9 pr\u00e1ci vyu\u017e\u00edval uhel, tu\u017eku, tu\u017e, olejomalbu a\u017e po v sou\u010dasnosti nejv\u00edce vyu\u017e\u00edvan\u00fd akryl nan\u00e1\u0161en\u00fd na pl\u00e1tno p\u0159ev\u00e1\u017en\u011b \u0161pachtlemi.<br>Jeho osobit\u00fd styl, vych\u00e1zej\u00edc\u00ed z dynamiky okam\u017eiku, kdy barvy nan\u00e1\u0161\u00ed \u0161pachtl\u00ed spont\u00e1nn\u011b na pl\u00e1tno, \u010dasto past\u00f3zn\u011b, mu umo\u017e\u0148uje do v\u00fdsledn\u00e9ho obrazu zachytit realistick\u00fd pohled na malovan\u00fd objekt a pozorovatel je schopen hmatateln\u011b c\u00edtit zachycen\u00fd pohyb, v\u00fdraz v expresivn\u00edm v\u00fdjevu. \u010cast\u00fdm objektem malov\u00e1n\u00ed jsou pro n\u011bj lid\u00e9, a\u0165 u\u017e zn\u00e1m\u00fdch osobnost\u00ed, nebo tvorba na zak\u00e1zku. Dal\u0161\u00edm obl\u00edben\u00fdm t\u00e9matem je sport, kde se kr\u00e1sn\u011b snoub\u00ed dynamika malov\u00e1n\u00ed s dynamikou pohybu dan\u00e9ho sportu.<br>V roce 2012 zalo\u017eil spole\u010dn\u011b s um\u011blecky zalo\u017een\u00fdmi p\u0159\u00e1teli z Hradce Kr\u00e1lov\u00e9 um\u011bleck\u00fd spolek NEKONKR\u00c9TNO, s kter\u00fdm uspo\u0159\u00e1dal 20 vernis\u00e1\u017e\u00ed, kter\u00e9 jsou koncipov\u00e1ny nejen jako v\u00fdstava individu\u00e1ln\u00edch um\u011bleck\u00fdch v\u00fdtvor\u016f, ale ka\u017ed\u00e1 akce vytv\u00e1\u0159\u00ed konceptu\u00e1ln\u00ed ideu, ve kter\u00e9 se spojuje klasick\u00e9 \u201ev\u00fdtvarno\u201c s dal\u0161\u00edmi um\u011bleck\u00fdmi formami zahrnuj\u00edc\u00ed performance, videoprojekci, hudebn\u00ed produkci a dal\u0161\u00ed um\u011bleck\u00e9 formy v\u010detn\u011b p\u0159edn\u00e1\u0161ek a mluven\u00e9ho slova.<\/p>\n\n\n\n<p class=\"has-text-align-right\">Luk\u00e1\u0161 Bezvoda<\/p>\n\n\n\n<p><em>Nikdy nejsem se sv\u00fdm d\u00edlem spokojen\u00fd, jenom kdy\u017e ji d\u011bl\u00e1m. Miluji ten dialog s barvami. Nikdy dop\u0159edu nev\u00edm, jak bude v\u00fdsledek vypadat, to by mn\u011b ani nebavilo. I neo\u010dek\u00e1van\u00fd \u00falet barvy ze \u0161pachtle na pl\u00e1tno \u010dasto vytvo\u0159\u00ed n\u011bco \u00fa\u017easn\u00e9ho, spont\u00e1nn\u00edho. A pro tuto pr\u00e1ci se skv\u011ble hod\u00ed v\u011bt\u0161\u00ed form\u00e1t pl\u00e1tna, kter\u00fd jsem si obl\u00edbil.<br>Sna\u017e\u00edm se sv\u00fdmi obrazy, jakoby momentkami, zachytit v\u011bci, kter\u00e9 se mn\u011b n\u011bjak\u00fdm zp\u016fsobem dot\u00fdkaj\u00ed. Velmi m\u011b v\u017edycky pot\u011b\u0161\u00ed, kdy\u017e se n\u011bkdo u m\u00e9 pr\u00e1ce zastav\u00ed a vn\u00edm\u00e1 tu energii, kterou se sna\u017e\u00edm do obrazu vtisknout. Pokud s V\u00e1mi ta energie souzn\u00ed, tak je to ten okam\u017eik kdy se z V\u00e1s st\u00e1v\u00e1 investor do um\u011bn\u00ed a tu energii si m\u016f\u017eete p\u0159en\u00e9st do sv\u00e9ho domova, kancel\u00e1\u0159e, restaurace, hotelu, &#8230;<\/em><\/p>\n\n\n\n<p><\/p>\n\n\n\n<p><strong>Ji\u0159\u00ed Prokop<\/strong> was born in South Moravia in 1973. His desire to create, draw and later paint has accompanied him since childhood. He has lived in Prague since 1998, where he began to actively engage in painting. He is self-taught, acquiring his skills by constantly looking at masterpieces in galleries and trying out different techniques in his studio. These include charcoal, pencil, ink, oil paint and, more recently, acrylic, which he often applies to a canvas with a painting knife. His distinctive style is based on the dynamism of the moment, in which he spontaneously applies the colours to the canvas with a painting knife, often in an impasto manner. This technique enables him to capture a realistic image of the painted object and the viewer can literally feel the captured movement and expression in the depicted scene. A frequent subject of his paintings are people, from famous personalities to commissioned portraits. Another favourite subject is sport, where the boldness of his painting style corresponds beautifully with the dynamism of the movements in the sport depicted. In 2012 he founded the art association NEKONKR\u00c9TNO together with his artist friends from Hradec Kr\u00e1lov\u00e9. Together they have organised twenty vernissages. These were always conceived not only as exhibitions of individual artistic creations, but each event formed a conceptual idea combining visual art with other art forms such as performance, video projection, music production as well as lectures and spoken word. <\/p>\n\n\n\n<p class=\"has-text-align-right\">Luk\u00e1\u0161 Bezvoda<br><\/p>\n\n\n\n<p><em>I am never satisfied with my work, but only when I am in the process of doing it. I love the dialogue with the colours. I never know in advance what the result will be. In any case, I would not enjoy it if I knew. Even an unexpected splash of colour with my painting knife often creates something amazing and spontaneous. For this kind of work, the larger canvas formats are perfect, and that is why I have grown so fond of them. With my paintings, which are a kind of snapshots, I try to capture things that appeal to me in some way. It always makes me very happy when someone stops at my work and feels the energy I have tried to put into the image. When that energy resonates with you, that&#8217;s when you can become an investor in art and bring that energy into your home, office, restaurant, hotel, etc.<\/em><\/p>\n\n\n\n<p><\/p>\n\n\n\n\n","protected":false},"excerpt":{"rendered":"<p>Ji\u0159\u00ed Prokop, narozen roku 1973 na Ji\u017en\u00ed Morav\u011b, kde jej od d\u011btstv\u00ed prov\u00e1zela chu\u0165 tvo\u0159it, kreslit a pozd\u011bji i malovat. Od roku 1998 \u017eije v Praze, kde se malov\u00e1n\u00ed v\u011bnuje aktivn\u011b. Je to autodidakt, kter\u00fd si sv\u00e9 dovednosti osvojil neust\u00e1l\u00fdm pozorov\u00e1n\u00edm mistrovsk\u00fdch d\u011bl v galeri\u00edch a n\u00e1sledn\u00e9 zkou\u0161en\u00ed r\u016fzn\u00fdch technik u sebe v ateli\u00e9ru. Ke [&hellip;]<\/p>\n","protected":false},"author":1,"featured_media":0,"parent":0,"menu_order":0,"comment_status":"closed","ping_status":"closed","template":"","meta":{"advgb_blocks_editor_width":"","advgb_blocks_columns_visual_guide":"","ocean_post_layout":"","ocean_both_sidebars_style":"","ocean_both_sidebars_content_width":0,"ocean_both_sidebars_sidebars_width":0,"ocean_sidebar":"0","ocean_second_sidebar":"0","ocean_disable_margins":"enable","ocean_add_body_class":"","ocean_shortcode_before_top_bar":"","ocean_shortcode_after_top_bar":"","ocean_shortcode_before_header":"","ocean_shortcode_after_header":"","ocean_has_shortcode":"","ocean_shortcode_after_title":"","ocean_shortcode_before_footer_widgets":"","ocean_shortcode_after_footer_widgets":"","ocean_shortcode_before_footer_bottom":"","ocean_shortcode_after_footer_bottom":"","ocean_display_top_bar":"default","ocean_display_header":"default","ocean_header_style":"","ocean_center_header_left_menu":"0","ocean_custom_header_template":"0","ocean_custom_logo":0,"ocean_custom_retina_logo":0,"ocean_custom_logo_max_width":0,"ocean_custom_logo_tablet_max_width":0,"ocean_custom_logo_mobile_max_width":0,"ocean_custom_logo_max_height":0,"ocean_custom_logo_tablet_max_height":0,"ocean_custom_logo_mobile_max_height":0,"ocean_header_custom_menu":"0","ocean_menu_typo_font_family":"0","ocean_menu_typo_font_subset":"","ocean_menu_typo_font_size":0,"ocean_menu_typo_font_size_tablet":0,"ocean_menu_typo_font_size_mobile":0,"ocean_menu_typo_font_size_unit":"px","ocean_menu_typo_font_weight":"","ocean_menu_typo_font_weight_tablet":"","ocean_menu_typo_font_weight_mobile":"","ocean_menu_typo_transform":"","ocean_menu_typo_transform_tablet":"","ocean_menu_typo_transform_mobile":"","ocean_menu_typo_line_height":0,"ocean_menu_typo_line_height_tablet":0,"ocean_menu_typo_line_height_mobile":0,"ocean_menu_typo_line_height_unit":"","ocean_menu_typo_spacing":0,"ocean_menu_typo_spacing_tablet":0,"ocean_menu_typo_spacing_mobile":0,"ocean_menu_typo_spacing_unit":"","ocean_menu_link_color":"","ocean_menu_link_color_hover":"","ocean_menu_link_color_active":"","ocean_menu_link_background":"","ocean_menu_link_hover_background":"","ocean_menu_link_active_background":"","ocean_menu_social_links_bg":"","ocean_menu_social_hover_links_bg":"","ocean_menu_social_links_color":"","ocean_menu_social_hover_links_color":"","ocean_disable_title":"default","ocean_disable_heading":"default","ocean_post_title":"","ocean_post_subheading":"","ocean_post_title_style":"","ocean_post_title_background_color":"","ocean_post_title_background":0,"ocean_post_title_bg_image_position":"","ocean_post_title_bg_image_attachment":"","ocean_post_title_bg_image_repeat":"","ocean_post_title_bg_image_size":"","ocean_post_title_height":0,"ocean_post_title_bg_overlay":0.5,"ocean_post_title_bg_overlay_color":"","ocean_disable_breadcrumbs":"default","ocean_breadcrumbs_color":"","ocean_breadcrumbs_separator_color":"","ocean_breadcrumbs_links_color":"","ocean_breadcrumbs_links_hover_color":"","ocean_display_footer_widgets":"default","ocean_display_footer_bottom":"default","ocean_custom_footer_template":"0","footnotes":""},"class_list":["post-117","page","type-page","status-publish","hentry","entry"],"coauthors":[],"author_meta":{"author_link":"https:\/\/www.jp-atelier.cz\/index.php\/author\/jpatelierc\/","display_name":"jpatelierc"},"relative_dates":{"created":"Posted 5 roky ago","modified":"Updated 3 roky ago"},"absolute_dates":{"created":"Posted on 13 dubna, 2021","modified":"Updated on 7 z\u00e1\u0159\u00ed, 2023"},"absolute_dates_time":{"created":"Posted on 13 dubna, 2021 11:42 am","modified":"Updated on 7 z\u00e1\u0159\u00ed, 2023 11:36 am"},"featured_img_caption":"","featured_img":false,"series_order":"","jetpack_sharing_enabled":true,"_links":{"self":[{"href":"https:\/\/www.jp-atelier.cz\/index.php\/wp-json\/wp\/v2\/pages\/117","targetHints":{"allow":["GET"]}}],"collection":[{"href":"https:\/\/www.jp-atelier.cz\/index.php\/wp-json\/wp\/v2\/pages"}],"about":[{"href":"https:\/\/www.jp-atelier.cz\/index.php\/wp-json\/wp\/v2\/types\/page"}],"author":[{"embeddable":true,"href":"https:\/\/www.jp-atelier.cz\/index.php\/wp-json\/wp\/v2\/users\/1"}],"replies":[{"embeddable":true,"href":"https:\/\/www.jp-atelier.cz\/index.php\/wp-json\/wp\/v2\/comments?post=117"}],"version-history":[{"count":62,"href":"https:\/\/www.jp-atelier.cz\/index.php\/wp-json\/wp\/v2\/pages\/117\/revisions"}],"predecessor-version":[{"id":910,"href":"https:\/\/www.jp-atelier.cz\/index.php\/wp-json\/wp\/v2\/pages\/117\/revisions\/910"}],"wp:attachment":[{"href":"https:\/\/www.jp-atelier.cz\/index.php\/wp-json\/wp\/v2\/media?parent=117"}],"curies":[{"name":"wp","href":"https:\/\/api.w.org\/{rel}","templated":true}]}}