{"id":803,"date":"2023-09-04T06:15:22","date_gmt":"2023-09-04T06:15:22","guid":{"rendered":"https:\/\/www.jp-atelier.cz\/?page_id=803"},"modified":"2025-07-11T06:58:09","modified_gmt":"2025-07-11T06:58:09","slug":"news","status":"publish","type":"page","link":"https:\/\/www.jp-atelier.cz\/index.php\/news\/","title":{"rendered":"news"},"content":{"rendered":"<p><strong>V\u00fdstavy \/ Exhibitions:<\/strong><\/p>\n<ul>\n<li>2025 &#8211; LAUFEN Space, Praha<\/li>\n<li>2025 &#8211; Galerie Na Hrad\u011b, Hradec Kr\u00e1lov\u00e9<\/li>\n<li>2024 &#8211; caf\u00e9 Z\u00e1horsk\u00fd, Praha<\/li>\n<li>2024 &#8211; Kav\u00e1rna Cafe u n\u00e1s, Radot\u00edn<\/li>\n<li>2024 &#8211; Brumlovka, Praha (Silence in the painting)<\/li>\n<li>2023 \u2013 Cafe Alternatif, Praha (The World in OSB)<\/li>\n<li>2023 &#8211; Royal &#8211; Beroun Golf Club, Beroun (Trajectory of desire)<\/li>\n<li>2023 &#8211; Infocentrum Divadeln\u00edho festivalu, Hradec Kr\u00e1lov\u00e9 (V salonu Jana Kot\u011bry)<\/li>\n<li>2022 \u2013 Galerie Na Park\u00e1ny, Hradec Kr\u00e1lov\u00e9<\/li>\n<li>2021 \u2013 Galerie Na Park\u00e1ny, Hradec Kr\u00e1lov\u00e9<\/li>\n<li>2020 \u2013 Klub \u010d.p. 4, Hradec Kr\u00e1lov\u00e9<\/li>\n<li>2020 \u2013 Klub Na v\u00fdstavi\u0161ti, Hradec Kr\u00e1lov\u00e9<\/li>\n<li>2019 \u2013 Caf\u00e9 Na kole, Hradec Kr\u00e1lov\u00e9<\/li>\n<li>2019 \u2013 Klub Na v\u00fdstavi\u0161ti, Hradec Kr\u00e1lov\u00e9<\/li>\n<li>2018 \u2013 Galerie Arti\u010dok, Hradec Kr\u00e1lov\u00e9<\/li>\n<li>2018 \u2013 Klub Na v\u00fdstavi\u0161ti, Hradec Kr\u00e1lov\u00e9<\/li>\n<li>2017 \u2013 Klub Na v\u00fdstavi\u0161ti, Hradec Kr\u00e1lov\u00e9<\/li>\n<li>2017 \u2013 letn\u00ed kino \u0160ir\u00e1k, Hradec Kr\u00e1lov\u00e9<\/li>\n<li>2016 \u2013 N\u00e1plavka cafe music bar, Hradec Kr\u00e1lov\u00e9<\/li>\n<li>2015 \u2013 N\u00e1plavka cafe music bar, Hradec Kr\u00e1lov\u00e9<\/li>\n<li>2015 \u2013 Cuba Libre Spirits Gallery, Hradec Kr\u00e1lov\u00e9<\/li>\n<li>2015 \u2013 N\u00e1plavka cafe music bar , Hradec Kr\u00e1lov\u00e9<\/li>\n<li>2014 \u2013 BIO Centr\u00e1l, Hradec Kr\u00e1lov\u00e9<\/li>\n<li>2014 \u2013 Art Cafe, Hradec Kr\u00e1lov\u00e9<\/li>\n<li>2013 \u2013 Art Cafe, Hradec Kr\u00e1lov\u00e9<\/li>\n<li>2013 \u2013 \u017di\u017ekovy sady (divadeln\u00ed festival), Hradec Kr\u00e1lov\u00e9<\/li>\n<li>2013 \u2013 Kav\u00e1rna a vin\u00e1rna Boromeum, Hradec Kr\u00e1lov\u00e9<\/li>\n<li>2012 \u2013 Defakto, Hradec Kr\u00e1lov\u00e9<\/li>\n<\/ul>\n","protected":false},"excerpt":{"rendered":"<p>V\u00fdstavy \/ Exhibitions: 2025 &#8211; LAUFEN Space, Praha 2025 &#8211; Galerie Na Hrad\u011b, Hradec Kr\u00e1lov\u00e9 2024 &#8211; caf\u00e9 Z\u00e1horsk\u00fd, Praha 2024 &#8211; Kav\u00e1rna Cafe u n\u00e1s, Radot\u00edn 2024 &#8211; Brumlovka, Praha (Silence in the painting) 2023 \u2013 Cafe Alternatif, Praha (The World in OSB) 2023 &#8211; Royal &#8211; Beroun Golf Club, Beroun (Trajectory of desire) [&hellip;]<\/p>\n","protected":false},"author":1,"featured_media":0,"parent":0,"menu_order":0,"comment_status":"closed","ping_status":"closed","template":"","meta":{"advgb_blocks_editor_width":"","advgb_blocks_columns_visual_guide":"","ocean_post_layout":"","ocean_both_sidebars_style":"","ocean_both_sidebars_content_width":0,"ocean_both_sidebars_sidebars_width":0,"ocean_sidebar":"0","ocean_second_sidebar":"0","ocean_disable_margins":"enable","ocean_add_body_class":"","ocean_shortcode_before_top_bar":"","ocean_shortcode_after_top_bar":"","ocean_shortcode_before_header":"","ocean_shortcode_after_header":"","ocean_has_shortcode":"","ocean_shortcode_after_title":"","ocean_shortcode_before_footer_widgets":"","ocean_shortcode_after_footer_widgets":"","ocean_shortcode_before_footer_bottom":"","ocean_shortcode_after_footer_bottom":"","ocean_display_top_bar":"default","ocean_display_header":"default","ocean_header_style":"","ocean_center_header_left_menu":"0","ocean_custom_header_template":"0","ocean_custom_logo":0,"ocean_custom_retina_logo":0,"ocean_custom_logo_max_width":0,"ocean_custom_logo_tablet_max_width":0,"ocean_custom_logo_mobile_max_width":0,"ocean_custom_logo_max_height":0,"ocean_custom_logo_tablet_max_height":0,"ocean_custom_logo_mobile_max_height":0,"ocean_header_custom_menu":"0","ocean_menu_typo_font_family":"0","ocean_menu_typo_font_subset":"","ocean_menu_typo_font_size":0,"ocean_menu_typo_font_size_tablet":0,"ocean_menu_typo_font_size_mobile":0,"ocean_menu_typo_font_size_unit":"px","ocean_menu_typo_font_weight":"","ocean_menu_typo_font_weight_tablet":"","ocean_menu_typo_font_weight_mobile":"","ocean_menu_typo_transform":"","ocean_menu_typo_transform_tablet":"","ocean_menu_typo_transform_mobile":"","ocean_menu_typo_line_height":0,"ocean_menu_typo_line_height_tablet":0,"ocean_menu_typo_line_height_mobile":0,"ocean_menu_typo_line_height_unit":"","ocean_menu_typo_spacing":0,"ocean_menu_typo_spacing_tablet":0,"ocean_menu_typo_spacing_mobile":0,"ocean_menu_typo_spacing_unit":"","ocean_menu_link_color":"","ocean_menu_link_color_hover":"","ocean_menu_link_color_active":"","ocean_menu_link_background":"","ocean_menu_link_hover_background":"","ocean_menu_link_active_background":"","ocean_menu_social_links_bg":"","ocean_menu_social_hover_links_bg":"","ocean_menu_social_links_color":"","ocean_menu_social_hover_links_color":"","ocean_disable_title":"default","ocean_disable_heading":"default","ocean_post_title":"","ocean_post_subheading":"","ocean_post_title_style":"","ocean_post_title_background_color":"","ocean_post_title_background":0,"ocean_post_title_bg_image_position":"","ocean_post_title_bg_image_attachment":"","ocean_post_title_bg_image_repeat":"","ocean_post_title_bg_image_size":"","ocean_post_title_height":0,"ocean_post_title_bg_overlay":0.5,"ocean_post_title_bg_overlay_color":"","ocean_disable_breadcrumbs":"default","ocean_breadcrumbs_color":"","ocean_breadcrumbs_separator_color":"","ocean_breadcrumbs_links_color":"","ocean_breadcrumbs_links_hover_color":"","ocean_display_footer_widgets":"default","ocean_display_footer_bottom":"default","ocean_custom_footer_template":"0","footnotes":""},"class_list":["post-803","page","type-page","status-publish","hentry","entry"],"coauthors":[],"author_meta":{"author_link":"https:\/\/www.jp-atelier.cz\/index.php\/author\/jpatelierc\/","display_name":"jpatelierc"},"relative_dates":{"created":"Posted 3 roky ago","modified":"Updated 10 m\u011bs\u00edc\u016f ago"},"absolute_dates":{"created":"Posted on 4 z\u00e1\u0159\u00ed, 2023","modified":"Updated on 11 \u010dervence, 2025"},"absolute_dates_time":{"created":"Posted on 4 z\u00e1\u0159\u00ed, 2023 6:15 am","modified":"Updated on 11 \u010dervence, 2025 6:58 am"},"featured_img_caption":"","featured_img":false,"series_order":"","jetpack_sharing_enabled":true,"_links":{"self":[{"href":"https:\/\/www.jp-atelier.cz\/index.php\/wp-json\/wp\/v2\/pages\/803","targetHints":{"allow":["GET"]}}],"collection":[{"href":"https:\/\/www.jp-atelier.cz\/index.php\/wp-json\/wp\/v2\/pages"}],"about":[{"href":"https:\/\/www.jp-atelier.cz\/index.php\/wp-json\/wp\/v2\/types\/page"}],"author":[{"embeddable":true,"href":"https:\/\/www.jp-atelier.cz\/index.php\/wp-json\/wp\/v2\/users\/1"}],"replies":[{"embeddable":true,"href":"https:\/\/www.jp-atelier.cz\/index.php\/wp-json\/wp\/v2\/comments?post=803"}],"version-history":[{"count":12,"href":"https:\/\/www.jp-atelier.cz\/index.php\/wp-json\/wp\/v2\/pages\/803\/revisions"}],"predecessor-version":[{"id":974,"href":"https:\/\/www.jp-atelier.cz\/index.php\/wp-json\/wp\/v2\/pages\/803\/revisions\/974"}],"wp:attachment":[{"href":"https:\/\/www.jp-atelier.cz\/index.php\/wp-json\/wp\/v2\/media?parent=803"}],"curies":[{"name":"wp","href":"https:\/\/api.w.org\/{rel}","templated":true}]}}